{"id":254,"date":"2024-03-29T23:59:06","date_gmt":"2024-03-30T04:59:06","guid":{"rendered":"https:\/\/uniland-electric-cars.com\/?page_id=254"},"modified":"2024-05-02T21:02:32","modified_gmt":"2024-05-03T02:02:32","slug":"accesorios-de-carga","status":"publish","type":"page","link":"https:\/\/uniland-electric-cars.com\/index.php\/accesorios-de-carga\/","title":{"rendered":"Accesorios de carga"},"content":{"rendered":"\n<figure class=\"wp-block-table\"><table><tbody><tr><td class=\"has-text-align-center\" data-align=\"center\"><img loading=\"lazy\" decoding=\"async\" width=\"150\" height=\"150\" class=\"wp-image-2871\" style=\"width: 150px;\" src=\"https:\/\/uniland-electric-cars.com\/wp-content\/uploads\/2024\/04\/UNIA001.jpg\" alt=\"\" srcset=\"https:\/\/uniland-electric-cars.com\/wp-content\/uploads\/2024\/04\/UNIA001.jpg 300w, https:\/\/uniland-electric-cars.com\/wp-content\/uploads\/2024\/04\/UNIA001-150x150.jpg 150w\" sizes=\"(max-width: 150px) 100vw, 150px\" \/><br>UNIA001 &#8211; Cargador Port\u00e1til 3.5KW<\/td><td class=\"has-text-align-left\" data-align=\"left\">C\u00f3digo UNIA001<br>Nombre Cargador port\u00e1til 3.5KW<br>M\u00e9todo de suspensi\u00f3n Port\u00e1til<br>Fase Monof\u00e1sica<br>CA\/CC CA<br>Voltaje 250V<br>Amperio 16A<br>Potencia 3,5 KW<br>Longitud est\u00e1ndar 5M<br>Conector de coche GB\/T<\/td><td class=\"has-text-align-center\" data-align=\"center\"><a href=\"http:\/\/uniland-electric-cars.com\/index.php\/cotizacion-accesorios\/\"><img loading=\"lazy\" decoding=\"async\" width=\"175\" height=\"66\" class=\"wp-image-2869\" style=\"width: 175px;\" src=\"https:\/\/uniland-electric-cars.com\/wp-content\/uploads\/2024\/04\/Boton-Cotizar.png\" alt=\"\"><\/a><\/td><\/tr><tr><td class=\"has-text-align-center\" data-align=\"center\"><img loading=\"lazy\" decoding=\"async\" width=\"150\" height=\"150\" class=\"wp-image-2872\" style=\"width: 150px;\" src=\"https:\/\/uniland-electric-cars.com\/wp-content\/uploads\/2024\/04\/UNIA002.jpg\" alt=\"\" srcset=\"https:\/\/uniland-electric-cars.com\/wp-content\/uploads\/2024\/04\/UNIA002.jpg 300w, https:\/\/uniland-electric-cars.com\/wp-content\/uploads\/2024\/04\/UNIA002-150x150.jpg 150w\" sizes=\"(max-width: 150px) 100vw, 150px\" \/><br>UNIA002 &#8211; Cargador Port\u00e1til 7KW<\/td><td class=\"has-text-align-left\" data-align=\"left\">C\u00f3digo UNIA002<br>Nombre Cargador Portatil 7KW<br>M\u00e9todo de suspensi\u00f3n Port\u00e1til<br>Fase Monof\u00e1sica<br>CA\/CC CA<br>Voltaje 250V<br>Amperio 32A<br>Potencia 7KW<br>Longitud est\u00e1ndar 5M<br>Conector de coche GB\/T<\/td><td class=\"has-text-align-center\" data-align=\"center\"><a href=\"http:\/\/uniland-electric-cars.com\/index.php\/cotizacion-accesorios\/\"><img loading=\"lazy\" decoding=\"async\" width=\"175\" height=\"66\" class=\"wp-image-2869\" style=\"width: 175px;\" src=\"https:\/\/uniland-electric-cars.com\/wp-content\/uploads\/2024\/04\/Boton-Cotizar.png\" alt=\"\"><\/a><\/td><\/tr><tr><td class=\"has-text-align-center\" data-align=\"center\"><img loading=\"lazy\" decoding=\"async\" width=\"150\" height=\"150\" class=\"wp-image-2873\" style=\"width: 150px;\" src=\"https:\/\/uniland-electric-cars.com\/wp-content\/uploads\/2024\/04\/UNIA003.jpg\" alt=\"\" srcset=\"https:\/\/uniland-electric-cars.com\/wp-content\/uploads\/2024\/04\/UNIA003.jpg 300w, https:\/\/uniland-electric-cars.com\/wp-content\/uploads\/2024\/04\/UNIA003-150x150.jpg 150w\" sizes=\"(max-width: 150px) 100vw, 150px\" \/><br>UNIA003 &#8211; Cargador de Pared 7KW<\/td><td class=\"has-text-align-left\" data-align=\"left\">C\u00f3digo UNIA003<br>Nombre Cargador de Pared 7KW<br>M\u00e9todo de suspensi\u00f3n Montado en la pared<br>Fase Monof\u00e1sica<br>CA\/CC CA<br>Voltaje 250V<br>Amperio 32A<br>Potencia 7KW<br>Longitud est\u00e1ndar 5M<br>Conector de coche GB\/T<\/td><td class=\"has-text-align-center\" data-align=\"center\"><a href=\"http:\/\/uniland-electric-cars.com\/index.php\/cotizacion-accesorios\/\"><img loading=\"lazy\" decoding=\"async\" width=\"175\" height=\"66\" class=\"wp-image-2869\" style=\"width: 175px;\" src=\"https:\/\/uniland-electric-cars.com\/wp-content\/uploads\/2024\/04\/Boton-Cotizar.png\" alt=\"\"><\/a><\/td><\/tr><tr><td class=\"has-text-align-center\" data-align=\"center\"><img loading=\"lazy\" decoding=\"async\" width=\"150\" height=\"150\" class=\"wp-image-2874\" style=\"width: 150px;\" src=\"https:\/\/uniland-electric-cars.com\/wp-content\/uploads\/2024\/04\/UNIA004.jpg\" alt=\"\" srcset=\"https:\/\/uniland-electric-cars.com\/wp-content\/uploads\/2024\/04\/UNIA004.jpg 300w, https:\/\/uniland-electric-cars.com\/wp-content\/uploads\/2024\/04\/UNIA004-150x150.jpg 150w\" sizes=\"(max-width: 150px) 100vw, 150px\" \/><br>UNIA004 &#8211; Cargador de Pared 22KW<\/td><td class=\"has-text-align-left\" data-align=\"left\">C\u00f3digo UNIA004<br>Nombre Cargador de Pared 22KW<br>M\u00e9todo de suspensi\u00f3n Montado en la pared<br>Fase Trif\u00e1sica<br>CA\/CC CA<br>Voltaje 415V<br>Amperio 32A<br>Potencia 22KW<br>Longitud est\u00e1ndar 5M<br>Conector de coche GB\/T<\/td><td class=\"has-text-align-center\" data-align=\"center\"><a href=\"http:\/\/uniland-electric-cars.com\/index.php\/cotizacion-accesorios\/\"><img loading=\"lazy\" decoding=\"async\" width=\"175\" height=\"66\" class=\"wp-image-2869\" style=\"width: 175px;\" src=\"https:\/\/uniland-electric-cars.com\/wp-content\/uploads\/2024\/04\/Boton-Cotizar.png\" alt=\"\"><\/a><\/td><\/tr><tr><td class=\"has-text-align-center\" data-align=\"center\"><img loading=\"lazy\" decoding=\"async\" width=\"150\" height=\"150\" class=\"wp-image-2875\" style=\"width: 150px;\" src=\"https:\/\/uniland-electric-cars.com\/wp-content\/uploads\/2024\/04\/UNIA005.jpg\" alt=\"\" srcset=\"https:\/\/uniland-electric-cars.com\/wp-content\/uploads\/2024\/04\/UNIA005.jpg 300w, https:\/\/uniland-electric-cars.com\/wp-content\/uploads\/2024\/04\/UNIA005-150x150.jpg 150w\" sizes=\"(max-width: 150px) 100vw, 150px\" \/><br>UNIA005 &#8211; Adaptador Pistola GB\/T+ Pistola EU 7KW<\/td><td class=\"has-text-align-left\" data-align=\"left\">C\u00f3digo UNIA005<br>Nombre Adaptador GB\/T Gun+ EU Gun 7KW<br>M\u00e9todo de suspensi\u00f3n Port\u00e1til<br>Fase Monof\u00e1sica<br>CA\/CC CA<br>Voltaje 250V<br>Amperio 32A<br>Potencia 7KW<br>Longitud est\u00e1ndar 1M<br>Conector de coche GB\/T<\/td><td class=\"has-text-align-center\" data-align=\"center\"><a href=\"http:\/\/uniland-electric-cars.com\/index.php\/cotizacion-accesorios\/\"><img loading=\"lazy\" decoding=\"async\" width=\"175\" height=\"66\" class=\"wp-image-2869\" style=\"width: 175px;\" src=\"https:\/\/uniland-electric-cars.com\/wp-content\/uploads\/2024\/04\/Boton-Cotizar.png\" alt=\"\"><\/a><\/td><\/tr><tr><td class=\"has-text-align-center\" data-align=\"center\"><img loading=\"lazy\" decoding=\"async\" width=\"150\" height=\"150\" class=\"wp-image-2876\" style=\"width: 150px;\" src=\"https:\/\/uniland-electric-cars.com\/wp-content\/uploads\/2024\/04\/UNIA006.jpg\" alt=\"\" srcset=\"https:\/\/uniland-electric-cars.com\/wp-content\/uploads\/2024\/04\/UNIA006.jpg 300w, https:\/\/uniland-electric-cars.com\/wp-content\/uploads\/2024\/04\/UNIA006-150x150.jpg 150w\" sizes=\"(max-width: 150px) 100vw, 150px\" \/><br>UNIA006 &#8211; Adaptador Pistola GB\/T+ Pistola EU 22KW<\/td><td class=\"has-text-align-left\" data-align=\"left\">C\u00f3digo UNIA006<br>Nombre Adaptador GB\/T Gun+ EU Gun 22KW<br>M\u00e9todo de suspensi\u00f3n Port\u00e1til<br>Fase Trif\u00e1sica<br>CA\/CC CA<br>Voltaje 415V<br>Amperio 32A<br>Potencia 22KW<br>Longitud est\u00e1ndar 1M<br>Conector de coche GB\/T<\/td><td class=\"has-text-align-center\" data-align=\"center\"><a href=\"http:\/\/uniland-electric-cars.com\/index.php\/cotizacion-accesorios\/\"><img loading=\"lazy\" decoding=\"async\" width=\"175\" height=\"66\" class=\"wp-image-2869\" style=\"width: 175px;\" src=\"https:\/\/uniland-electric-cars.com\/wp-content\/uploads\/2024\/04\/Boton-Cotizar.png\" alt=\"\"><\/a><\/td><\/tr><tr><td class=\"has-text-align-center\" data-align=\"center\"><img loading=\"lazy\" decoding=\"async\" width=\"150\" height=\"150\" class=\"wp-image-2877\" style=\"width: 150px;\" src=\"https:\/\/uniland-electric-cars.com\/wp-content\/uploads\/2024\/04\/UNIA007.jpg\" alt=\"\" srcset=\"https:\/\/uniland-electric-cars.com\/wp-content\/uploads\/2024\/04\/UNIA007.jpg 300w, https:\/\/uniland-electric-cars.com\/wp-content\/uploads\/2024\/04\/UNIA007-150x150.jpg 150w\" sizes=\"(max-width: 150px) 100vw, 150px\" \/><br>UNIA007 &#8211; Adaptador GB\/T Pistola+ Enchufe Americano 7KW<\/td><td class=\"has-text-align-left\" data-align=\"left\">C\u00f3digo UNIA007<br>Nombre Adaptador GB\/T Gun+ Enchufe Americano 7KW<br>M\u00e9todo de suspensi\u00f3n Port\u00e1til<br>Fase Monof\u00e1sica<br>CA\/CC CA<br>Voltaje 250V<br>Amperio 32A<br>Potencia 7KW<br>Longitud est\u00e1ndar 1M<br>Conector de coche GB\/T<\/td><td class=\"has-text-align-center\" data-align=\"center\"><a href=\"http:\/\/uniland-electric-cars.com\/index.php\/cotizacion-accesorios\/\"><img loading=\"lazy\" decoding=\"async\" width=\"175\" height=\"66\" class=\"wp-image-2869\" style=\"width: 175px;\" src=\"https:\/\/uniland-electric-cars.com\/wp-content\/uploads\/2024\/04\/Boton-Cotizar.png\" alt=\"\"><\/a><\/td><\/tr><tr><td class=\"has-text-align-center\" data-align=\"center\"><img loading=\"lazy\" decoding=\"async\" width=\"150\" height=\"150\" class=\"wp-image-2878\" style=\"width: 150px;\" src=\"https:\/\/uniland-electric-cars.com\/wp-content\/uploads\/2024\/04\/UNIA008.jpg\" alt=\"\" srcset=\"https:\/\/uniland-electric-cars.com\/wp-content\/uploads\/2024\/04\/UNIA008.jpg 300w, https:\/\/uniland-electric-cars.com\/wp-content\/uploads\/2024\/04\/UNIA008-150x150.jpg 150w\" sizes=\"(max-width: 150px) 100vw, 150px\" \/><br>UNIA008 &#8211; Adaptador GB\/T Pistola+ Enchufe UE 7KW<br><\/td><td class=\"has-text-align-left\" data-align=\"left\">C\u00f3digo UNIA008<br>Nombre Adaptador GB\/T Gun+ Enchufe UE 7KW<br>M\u00e9todo de suspensi\u00f3n Port\u00e1til<br>Fase Monof\u00e1sica<br>CA\/CC CA<br>Voltaje 250V <br>Amperio 32A<br>Potencia 7KW<br>Longitud est\u00e1ndar 1M<br>Conector de coche GB\/T<\/td><td class=\"has-text-align-center\" data-align=\"center\"><a href=\"http:\/\/uniland-electric-cars.com\/index.php\/cotizacion-accesorios\/\"><img loading=\"lazy\" decoding=\"async\" width=\"175\" height=\"66\" class=\"wp-image-2869\" style=\"width: 175px;\" src=\"https:\/\/uniland-electric-cars.com\/wp-content\/uploads\/2024\/04\/Boton-Cotizar.png\" alt=\"\"><\/a><\/td><\/tr><tr><td class=\"has-text-align-center\" data-align=\"center\"><img loading=\"lazy\" decoding=\"async\" width=\"150\" height=\"150\" class=\"wp-image-2879\" style=\"width: 150px;\" src=\"https:\/\/uniland-electric-cars.com\/wp-content\/uploads\/2024\/04\/UNIA009.jpg\" alt=\"\" srcset=\"https:\/\/uniland-electric-cars.com\/wp-content\/uploads\/2024\/04\/UNIA009.jpg 300w, https:\/\/uniland-electric-cars.com\/wp-content\/uploads\/2024\/04\/UNIA009-150x150.jpg 150w\" sizes=\"(max-width: 150px) 100vw, 150px\" \/><br>UNIA009 &#8211; Adaptador GB\/T Pistola+ Enchufe UE 22KW<\/td><td class=\"has-text-align-left\" data-align=\"left\">C\u00f3digo UNIA009<br>Nombre Adaptador GB\/T Gun+ Enchufe UE 22KW<br>M\u00e9todo de suspensi\u00f3n Port\u00e1til<br>Fase Trif\u00e1sica<br>CA\/CC CA<br>Voltaje 415V<br>Amperio 32A<br>Potencia 22KW<br>Longitud est\u00e1ndar 1M<br>Conector de coche GB\/T<\/td><td class=\"has-text-align-center\" data-align=\"center\"><a href=\"http:\/\/uniland-electric-cars.com\/index.php\/cotizacion-accesorios\/\"><img loading=\"lazy\" decoding=\"async\" width=\"175\" height=\"66\" class=\"wp-image-2869\" style=\"width: 175px;\" src=\"https:\/\/uniland-electric-cars.com\/wp-content\/uploads\/2024\/04\/Boton-Cotizar.png\" alt=\"\"><\/a><\/td><\/tr><tr><td class=\"has-text-align-center\" data-align=\"center\"><img loading=\"lazy\" decoding=\"async\" width=\"400\" height=\"158\" class=\"wp-image-2883\" style=\"width: 400px;\" src=\"https:\/\/uniland-electric-cars.com\/wp-content\/uploads\/2024\/04\/UNIA010.jpeg\" alt=\"\" srcset=\"https:\/\/uniland-electric-cars.com\/wp-content\/uploads\/2024\/04\/UNIA010.jpeg 1326w, https:\/\/uniland-electric-cars.com\/wp-content\/uploads\/2024\/04\/UNIA010-300x118.jpeg 300w, https:\/\/uniland-electric-cars.com\/wp-content\/uploads\/2024\/04\/UNIA010-1024x404.jpeg 1024w, https:\/\/uniland-electric-cars.com\/wp-content\/uploads\/2024\/04\/UNIA010-768x303.jpeg 768w\" sizes=\"(max-width: 400px) 100vw, 400px\" \/><br>UNIA010 &#8211; Adaptador J1772 a GBT<\/td><td class=\"has-text-align-left\" data-align=\"left\">C\u00f3digo UNIA010<br>Nombre Adaptador J1772 a GB\/T 7KW<br>M\u00e9todo de suspensi\u00f3n Port\u00e1til<br>Fase Monof\u00e1sica<br>CA\/CC CA. <br>Voltaje 415V<br>Amperio 32A<br>Potencia 7KW<\/td><td class=\"has-text-align-center\" data-align=\"center\"><a href=\"http:\/\/uniland-electric-cars.com\/index.php\/cotizacion-accesorios\/\"><img loading=\"lazy\" decoding=\"async\" width=\"175\" height=\"66\" class=\"wp-image-2869\" style=\"width: 175px;\" src=\"https:\/\/uniland-electric-cars.com\/wp-content\/uploads\/2024\/04\/Boton-Cotizar.png\" alt=\"\"><\/a><\/td><\/tr><tr><td class=\"has-text-align-center\" data-align=\"center\"><img loading=\"lazy\" decoding=\"async\" width=\"400\" height=\"181\" class=\"wp-image-2884\" style=\"width: 400px;\" src=\"https:\/\/uniland-electric-cars.com\/wp-content\/uploads\/2024\/04\/UNIA011.jpeg\" alt=\"\" srcset=\"https:\/\/uniland-electric-cars.com\/wp-content\/uploads\/2024\/04\/UNIA011.jpeg 1235w, https:\/\/uniland-electric-cars.com\/wp-content\/uploads\/2024\/04\/UNIA011-300x136.jpeg 300w, https:\/\/uniland-electric-cars.com\/wp-content\/uploads\/2024\/04\/UNIA011-1024x464.jpeg 1024w, https:\/\/uniland-electric-cars.com\/wp-content\/uploads\/2024\/04\/UNIA011-768x348.jpeg 768w\" sizes=\"(max-width: 400px) 100vw, 400px\" \/><br>UNIA011 &#8211; Adaptador GBT a J1772<\/td><td class=\"has-text-align-left\" data-align=\"left\">C\u00f3digo UNIA011<br>Nombre Adaptador GB\/T a J1772  7KW<br>M\u00e9todo de suspensi\u00f3n Port\u00e1til<br>Fase Monof\u00e1sica<br>CA\/CC CA. <br>Voltaje 415V<br>Amperio 32A<br>Potencia 7KW<\/td><td class=\"has-text-align-center\" data-align=\"center\"><a href=\"http:\/\/uniland-electric-cars.com\/index.php\/cotizacion-accesorios\/\"><img loading=\"lazy\" decoding=\"async\" width=\"175\" height=\"66\" class=\"wp-image-2869\" style=\"width: 175px;\" src=\"https:\/\/uniland-electric-cars.com\/wp-content\/uploads\/2024\/04\/Boton-Cotizar.png\" alt=\"\"><\/a><\/td><\/tr><\/tbody><\/table><\/figure>\n","protected":false},"excerpt":{"rendered":"<p>UNIA001 &#8211; Cargador Port\u00e1til 3.5KW C\u00f3digo UNIA001Nombre Cargador port\u00e1til 3.5KWM\u00e9todo de suspensi\u00f3n Port\u00e1tilFase Monof\u00e1sicaCA\/CC CAVoltaje 250VAmperio 16APotencia 3,5 KWLongitud est\u00e1ndar [&hellip;]<\/p>\n","protected":false},"author":1,"featured_media":0,"parent":0,"menu_order":0,"comment_status":"closed","ping_status":"closed","template":"","meta":{"site-sidebar-layout":"default","site-content-layout":"","ast-site-content-layout":"default","site-content-style":"default","site-sidebar-style":"default","ast-global-header-display":"","ast-banner-title-visibility":"","ast-main-header-display":"","ast-hfb-above-header-display":"","ast-hfb-below-header-display":"","ast-hfb-mobile-header-display":"","site-post-title":"","ast-breadcrumbs-content":"","ast-featured-img":"","footer-sml-layout":"","ast-disable-related-posts":"","theme-transparent-header-meta":"","adv-header-id-meta":"","stick-header-meta":"","header-above-stick-meta":"","header-main-stick-meta":"","header-below-stick-meta":"","astra-migrate-meta-layouts":"default","ast-page-background-enabled":"default","ast-page-background-meta":{"desktop":{"background-color":"var(--ast-global-color-4)","background-image":"","background-repeat":"repeat","background-position":"center center","background-size":"auto","background-attachment":"scroll","background-type":"","background-media":"","overlay-type":"","overlay-color":"","overlay-opacity":"","overlay-gradient":""},"tablet":{"background-color":"","background-image":"","background-repeat":"repeat","background-position":"center center","background-size":"auto","background-attachment":"scroll","background-type":"","background-media":"","overlay-type":"","overlay-color":"","overlay-opacity":"","overlay-gradient":""},"mobile":{"background-color":"","background-image":"","background-repeat":"repeat","background-position":"center center","background-size":"auto","background-attachment":"scroll","background-type":"","background-media":"","overlay-type":"","overlay-color":"","overlay-opacity":"","overlay-gradient":""}},"ast-content-background-meta":{"desktop":{"background-color":"var(--ast-global-color-5)","background-image":"","background-repeat":"repeat","background-position":"center center","background-size":"auto","background-attachment":"scroll","background-type":"","background-media":"","overlay-type":"","overlay-color":"","overlay-opacity":"","overlay-gradient":""},"tablet":{"background-color":"var(--ast-global-color-5)","background-image":"","background-repeat":"repeat","background-position":"center center","background-size":"auto","background-attachment":"scroll","background-type":"","background-media":"","overlay-type":"","overlay-color":"","overlay-opacity":"","overlay-gradient":""},"mobile":{"background-color":"var(--ast-global-color-5)","background-image":"","background-repeat":"repeat","background-position":"center center","background-size":"auto","background-attachment":"scroll","background-type":"","background-media":"","overlay-type":"","overlay-color":"","overlay-opacity":"","overlay-gradient":""}},"_joinchat":[],"footnotes":""},"_links":{"self":[{"href":"https:\/\/uniland-electric-cars.com\/index.php\/wp-json\/wp\/v2\/pages\/254"}],"collection":[{"href":"https:\/\/uniland-electric-cars.com\/index.php\/wp-json\/wp\/v2\/pages"}],"about":[{"href":"https:\/\/uniland-electric-cars.com\/index.php\/wp-json\/wp\/v2\/types\/page"}],"author":[{"embeddable":true,"href":"https:\/\/uniland-electric-cars.com\/index.php\/wp-json\/wp\/v2\/users\/1"}],"replies":[{"embeddable":true,"href":"https:\/\/uniland-electric-cars.com\/index.php\/wp-json\/wp\/v2\/comments?post=254"}],"version-history":[{"count":10,"href":"https:\/\/uniland-electric-cars.com\/index.php\/wp-json\/wp\/v2\/pages\/254\/revisions"}],"predecessor-version":[{"id":3022,"href":"https:\/\/uniland-electric-cars.com\/index.php\/wp-json\/wp\/v2\/pages\/254\/revisions\/3022"}],"wp:attachment":[{"href":"https:\/\/uniland-electric-cars.com\/index.php\/wp-json\/wp\/v2\/media?parent=254"}],"curies":[{"name":"wp","href":"https:\/\/api.w.org\/{rel}","templated":true}]}}